{"id":268,"date":"2024-03-10T16:45:45","date_gmt":"2024-03-10T16:45:45","guid":{"rendered":"http:\/\/localhost:8888\/bedrijven\/wijngoedwille\/?page_id=268"},"modified":"2024-08-03T18:08:28","modified_gmt":"2024-08-03T18:08:28","slug":"bezoek-ons","status":"publish","type":"page","link":"https:\/\/www.wijngoedwille.be\/fr\/bezoek-ons\/","title":{"rendered":"Visite"},"content":{"rendered":"<section class=\"l-section wpb_row height_medium\"><div class=\"l-section-h i-cf\"><div class=\"g-cols vc_row via_grid cols_1 laptops-cols_inherit tablets-cols_inherit mobiles-cols_1 valign_top type_default stacking_default\"><div class=\"wpb_column vc_column_container\"><div class=\"vc_column-inner\"><div class=\"wpb_text_column\"><div class=\"wpb_wrapper\"><h6>Vous souhaitez visiter notre cave entre amis, en famille ou en entreprise ?<\/h6>\n<p>Jetons un coup d'\u0153il \u00e0 ce qui se passe dans les coulisses de notre cave.<\/p>\n<h6>Wijngaard:<\/h6>\n<p>We nemen je graag mee voor een wandeling in de wijngaard, we vertellen je over de factoren die van onze wijngaard een goede wijngaard maken.\u00a0 Je ziet natuurlijk ook hoe de druiven er groeien en gedijen op onze wijngoed.<\/p>\n<h6>Wijnproductie:<\/h6>\n<p>Ben je benieuwd naar het wijnproductieproces? Van het oogsten van de druiven tot het persen, fermenteren en rijpen van de wijn? We laten je elk aspect van het proces zien.<\/p>\n<h6>Vinificatieruimte:<\/h6>\n<p>Je bezoekt onze vinificatieruimte, \u00a0met zicht op de vaten waarin de wijn rijpt en je leert meer over de verschillende technieken die worden gebruikt om de smaken en aroma&#8217;s van de wijn te ontwikkelen.<\/p>\n<h6>Degusteren:<\/h6>\n<p>We laten je graag een aantal van onze wijnen proeven en vertellen meer over de unieke eigenschappen van elk van hen.<\/p>\n<h6>Duurzaamheid:<\/h6>\n<p>Omdat duurzaamheid voor ons een belangrijk item is, lichten we ook onze duurzame praktijken toe.<\/p>\n<\/div><\/div><\/div><\/div><\/div><\/div><\/section><section class=\"l-section wpb_row height_medium\"><div class=\"l-section-h i-cf\"><div class=\"g-cols vc_row via_grid cols_2 laptops-cols_inherit tablets-cols_inherit mobiles-cols_1 valign_top type_default stacking_default\"><div class=\"wpb_column vc_column_container\"><div class=\"vc_column-inner\"><h5 class=\"w-text us_custom_9de87d4e\"><span class=\"w-text-h\"><span class=\"w-text-value\">Avez-vous h\u00e2te de mieux conna\u00eetre notre cave ?<\/span><\/span><\/h5><div class=\"wpb_text_column\"><div class=\"wpb_wrapper\"><p>Nous pouvons ensuite vous proposer une visite approfondie suivie d'une d\u00e9gustation de trois vins.  Cela dure environ une heure et demie et co\u00fbte 15 euros par personne.<\/p>\n<p>D'autres formules sont possibles, pour cela vous pouvez nous contacter par e-mail, t\u00e9l\u00e9phone ou remplir le formulaire web.<\/p>\n<p>Parce que nous souhaitons vous offrir une exp\u00e9rience de qualit\u00e9, nous vous demandons de vous inscrire au pr\u00e9alable :<\/p>\n<p>\u2013 vous venez seul ou en petit groupe (jusqu'\u00e0 10 personnes) ?  Planifiez votre visite, inscrivez-vous via le site Internet puis venez \u00e0 notre cave \u00e0 l'heure choisie.<\/p>\n<p class=\" translation-block\">\u2013 vous venez en groupe (+10 personnes) ? <a href=\"https:\/\/www.wijngoedwille.be\/contact\/\" target=\"_self\">Veuillez nous contacter<\/a> par email ou par t\u00e9l\u00e9phone.<\/p>\n<p>Vous \u00eates moins mobile et souhaitez quand m\u00eame visiter le vignoble ?  Pas de probl\u00e8me, le transport interne est toujours disponible.<\/p>\n<p>Nous attendons de vous recevoir!<\/p>\n<p>Jusque l\u00e0!<\/p>\n<\/div><\/div><\/div><\/div><div class=\"wpb_column vc_column_container\"><div class=\"vc_column-inner\"><h5 style=\"text-align: left\" class=\"vc_custom_heading vc_do_custom_heading us_custom_8020197c\" >Rendez nous visite<\/h5><div class=\"wpb_text_column\"><div class=\"wpb_wrapper\"><style>\r\n    .bookme-form-error,\r\n    .bookme-steps > li,\r\n    .bookme-steps > li.bookme-steps-is-active:before,\r\n    .bookme-modal a {\r\n        color: #64012F !important;\r\n    }\r\n\r\n    .bookme-booking-form .bookme-error,\r\n    .bookme-steps > li:before,\r\n    .bookme-steps > li.bookme-steps-is-active:before {\r\n        border-color: #64012F !important;\r\n    }\r\n\r\n    .bookme-button,\r\n    .bookme-booking-form .bookme-box-loader .bookme-loader:after,\r\n    .bookme-booking-form .bookme-calendar.bookme-loader:after,\r\n    .bookme-steps > li:before,\r\n    .bookme-steps > li:after{\r\n        background-color: #64012F !important;\r\n    }\r\n\r\n    .clndr .clndr-controls,\r\n    .clndr .clndr-table tr .day:hover,\r\n    .clndr .clndr-table tr .day.selected.event,\r\n    .clndr .clndr-table tr .next-month:hover,\r\n    .clndr .clndr-table tr .day.selected {\r\n        background-color: #64012F;\r\n    }\r\n\r\n    .bookme-button,\r\n    .bookme-steps > li:before{\r\n        color: #FFFFFF !important;\r\n    }\r\n\r\n    .clndr .clndr-controls .clndr-month,\r\n    .clndr .clndr-controls .clndr-control-button span,\r\n    .clndr .clndr-table tr .day:hover,\r\n    .clndr .clndr-table tr .day.selected.event,\r\n    .clndr .clndr-table tr .day.selected,\r\n    .clndr .clndr-table tr .day .selected .event .day-contents {\r\n        color: #FFFFFF;\r\n    }\r\n\r\n    .bookme-booking-form .bookme-loader:after {\r\n        background-color: #FFFFFF !important;\r\n    }\r\n    \r\n    .bookme-steps > li.bookme-steps-is-active:before {\r\n        background-color: transparent !important;\r\n    }\r\n<\/style>\r\n<div id=\"bookme-booking-form-69da072775137\" class=\"bookme-booking-form\" data-form_id=\"69da072775137\"><div class=\"bookme-box-loader\"><div class=\"bookme-loader\"><\/div><\/div><\/div>\r\n<script>\r\n    (function ($) {\r\n        window.bookme(\r\n            \"69da072775137\",\r\n            {\"category_id\":1,\"service_id\":1,\"staff_member_id\":0,\"hide_categories\":false,\"hide_services\":false,\"hide_staff_members\":true,\"show_number_of_persons\":true,\"show_service_duration\":true},\r\n            {\"service_left\":0},\r\n            {\"status\":\"new\"}        );\r\n    })(jQuery);\r\n<\/script>\n<\/div><\/div><\/div><\/div><\/div><\/div><\/section>","protected":false},"excerpt":{"rendered":"Wil je met vrienden, familie of je bedrijf ons wijndomein bezoeken? Laten we eens kijken wat er allemaal achter de schermen op ons wijngoed gebeurt. Wijngaard: We nemen je graag mee voor een wandeling in de wijngaard, we vertellen je over de factoren die van onze wijngaard een goede wijngaard maken.\u00a0 Je ziet natuurlijk ook...","protected":false},"author":1,"featured_media":0,"parent":0,"menu_order":0,"comment_status":"closed","ping_status":"closed","template":"","meta":{"_acf_changed":false,"_seopress_robots_primary_cat":"","_seopress_titles_title":"","_seopress_titles_desc":"Wens je graag onze wijngaard te bezoeken? Boek dan jouw bezoek en kom proeven van onze wijnen","_seopress_robots_index":"","footnotes":""},"class_list":["post-268","page","type-page","status-publish","hentry"],"acf":[],"_links":{"self":[{"href":"https:\/\/www.wijngoedwille.be\/fr\/wp-json\/wp\/v2\/pages\/268","targetHints":{"allow":["GET"]}}],"collection":[{"href":"https:\/\/www.wijngoedwille.be\/fr\/wp-json\/wp\/v2\/pages"}],"about":[{"href":"https:\/\/www.wijngoedwille.be\/fr\/wp-json\/wp\/v2\/types\/page"}],"author":[{"embeddable":true,"href":"https:\/\/www.wijngoedwille.be\/fr\/wp-json\/wp\/v2\/users\/1"}],"replies":[{"embeddable":true,"href":"https:\/\/www.wijngoedwille.be\/fr\/wp-json\/wp\/v2\/comments?post=268"}],"version-history":[{"count":61,"href":"https:\/\/www.wijngoedwille.be\/fr\/wp-json\/wp\/v2\/pages\/268\/revisions"}],"predecessor-version":[{"id":922,"href":"https:\/\/www.wijngoedwille.be\/fr\/wp-json\/wp\/v2\/pages\/268\/revisions\/922"}],"wp:attachment":[{"href":"https:\/\/www.wijngoedwille.be\/fr\/wp-json\/wp\/v2\/media?parent=268"}],"curies":[{"name":"wp","href":"https:\/\/api.w.org\/{rel}","templated":true}]}}